{"id":13,"date":"2025-07-26T08:14:53","date_gmt":"2025-07-26T08:14:53","guid":{"rendered":"https:\/\/glassplace.com\/?page_id=13"},"modified":"2025-08-04T19:09:20","modified_gmt":"2025-08-04T19:09:20","slug":"about-us","status":"publish","type":"page","link":"https:\/\/glassplace.com\/fr\/about-us\/","title":{"rendered":"\u00c0 Propos de Nous"},"content":{"rendered":"<div data-elementor-type=\"wp-page\" data-elementor-id=\"13\" class=\"elementor elementor-13\" wpc-filter-elementor-widget=\"1\" data-elementor-post-type=\"page\">\n\t\t\t\t\t\t<section class=\"elementor-section elementor-top-section elementor-element elementor-element-d6061cd elementor-section-height-min-height elementor-section-boxed elementor-section-height-default elementor-section-items-middle\" data-id=\"d6061cd\" data-element_type=\"section\" data-e-type=\"section\" data-settings=\"{&quot;background_background&quot;:&quot;classic&quot;}\">\n\t\t\t\t\t\t<div class=\"elementor-container elementor-column-gap-default\">\n\t\t\t\t\t<div class=\"elementor-column elementor-col-100 elementor-top-column elementor-element elementor-element-502f91d\" data-id=\"502f91d\" data-element_type=\"column\" data-e-type=\"column\">\n\t\t\t<div class=\"elementor-widget-wrap elementor-element-populated\">\n\t\t\t\t\t\t<div class=\"elementor-element elementor-element-6513c5c elementor-widget elementor-widget-heading\" data-id=\"6513c5c\" data-element_type=\"widget\" data-e-type=\"widget\" data-widget_type=\"heading.default\">\n\t\t\t\t\t<h1 class=\"elementor-heading-title elementor-size-default\">\u00c0 Propos de Nous<\/h1>\t\t\t\t<\/div>\n\t\t\t\t\t<\/div>\n\t\t<\/div>\n\t\t\t\t\t<\/div>\n\t\t<\/section>\n\t\t\t\t<section class=\"elementor-section elementor-top-section elementor-element elementor-element-0fe205e elementor-section-content-middle elementor-section-boxed elementor-section-height-default elementor-section-height-default\" data-id=\"0fe205e\" data-element_type=\"section\" data-e-type=\"section\">\n\t\t\t\t\t\t<div class=\"elementor-container elementor-column-gap-default\">\n\t\t\t\t\t<div class=\"elementor-column elementor-col-50 elementor-top-column elementor-element elementor-element-0facfd4\" data-id=\"0facfd4\" data-element_type=\"column\" data-e-type=\"column\">\n\t\t\t<div class=\"elementor-widget-wrap elementor-element-populated\">\n\t\t\t\t\t\t<div class=\"elementor-element elementor-element-834baa5 elementor-widget elementor-widget-image\" data-id=\"834baa5\" data-element_type=\"widget\" data-e-type=\"widget\" data-widget_type=\"image.default\">\n\t\t\t\t\t\t\t\t\t\t\t\t\t\t\t<img fetchpriority=\"high\" decoding=\"async\" width=\"800\" height=\"533\" src=\"https:\/\/glassplace.com\/wp-content\/uploads\/2025\/07\/2-07572-1024x682.jpg\" class=\"attachment-large size-large wp-image-185\" alt=\"\" srcset=\"https:\/\/glassplace.com\/wp-content\/uploads\/2025\/07\/2-07572-1024x682.jpg 1024w, https:\/\/glassplace.com\/wp-content\/uploads\/2025\/07\/2-07572-600x400.jpg 600w, https:\/\/glassplace.com\/wp-content\/uploads\/2025\/07\/2-07572-64x43.jpg 64w, https:\/\/glassplace.com\/wp-content\/uploads\/2025\/07\/2-07572-300x200.jpg 300w, https:\/\/glassplace.com\/wp-content\/uploads\/2025\/07\/2-07572-768x512.jpg 768w, https:\/\/glassplace.com\/wp-content\/uploads\/2025\/07\/2-07572-1536x1023.jpg 1536w, https:\/\/glassplace.com\/wp-content\/uploads\/2025\/07\/2-07572.jpg 1920w\" sizes=\"(max-width: 800px) 100vw, 800px\" \/>\t\t\t\t\t\t\t\t\t\t\t\t\t\t\t<\/div>\n\t\t\t\t\t<\/div>\n\t\t<\/div>\n\t\t\t\t<div class=\"elementor-column elementor-col-50 elementor-top-column elementor-element elementor-element-cb0f124\" data-id=\"cb0f124\" data-element_type=\"column\" data-e-type=\"column\">\n\t\t\t<div class=\"elementor-widget-wrap elementor-element-populated\">\n\t\t\t\t\t\t<div class=\"elementor-element elementor-element-4916ab4 elementor-widget elementor-widget-heading\" data-id=\"4916ab4\" data-element_type=\"widget\" data-e-type=\"widget\" data-widget_type=\"heading.default\">\n\t\t\t\t\t<h2 class=\"elementor-heading-title elementor-size-default\">Fi\u00e8rement Canadien depuis 1982<\/h2>\t\t\t\t<\/div>\n\t\t\t\t<div class=\"elementor-element elementor-element-efdfa5f elementor-widget elementor-widget-text-editor\" data-id=\"efdfa5f\" data-element_type=\"widget\" data-e-type=\"widget\" data-widget_type=\"text-editor.default\">\n\t\t\t\t\t\t\t\t\t<p>Situ\u00e9 \u00e0 Montr\u00e9al, The Glass Place est votre destination unique pour le vitrail ainsi que pour tous les outils, fournitures et accessoires dont vous avez besoin. Nous offrons une vaste s\u00e9lection de verres architecturaux, biseaut\u00e9s, fusibles, pr\u00e9color\u00e9s, ainsi que tous les essentiels pour le travail du vitrail.<\/p>\t\t\t\t\t\t\t\t<\/div>\n\t\t\t\t\t<\/div>\n\t\t<\/div>\n\t\t\t\t\t<\/div>\n\t\t<\/section>\n\t\t\t\t<section class=\"elementor-section elementor-top-section elementor-element elementor-element-4a931f4 elementor-section-height-min-height elementor-section-boxed elementor-section-height-default elementor-section-items-middle\" data-id=\"4a931f4\" data-element_type=\"section\" data-e-type=\"section\" data-settings=\"{&quot;background_background&quot;:&quot;classic&quot;}\">\n\t\t\t\t\t\t<div class=\"elementor-container elementor-column-gap-default\">\n\t\t\t\t\t<div class=\"elementor-column elementor-col-100 elementor-top-column elementor-element elementor-element-dc66f0f\" data-id=\"dc66f0f\" data-element_type=\"column\" data-e-type=\"column\">\n\t\t\t<div class=\"elementor-widget-wrap\">\n\t\t\t\t\t\t\t<\/div>\n\t\t<\/div>\n\t\t\t\t\t<\/div>\n\t\t<\/section>\n\t\t\t\t<section class=\"elementor-section elementor-top-section elementor-element elementor-element-70ef8e5 elementor-section-content-middle elementor-section-boxed elementor-section-height-default elementor-section-height-default\" data-id=\"70ef8e5\" data-element_type=\"section\" data-e-type=\"section\">\n\t\t\t\t\t\t<div class=\"elementor-container elementor-column-gap-default\">\n\t\t\t\t\t<div class=\"elementor-column elementor-col-50 elementor-top-column elementor-element elementor-element-3fd4679\" data-id=\"3fd4679\" data-element_type=\"column\" data-e-type=\"column\">\n\t\t\t<div class=\"elementor-widget-wrap elementor-element-populated\">\n\t\t\t\t\t\t<div class=\"elementor-element elementor-element-dd1f201 elementor-widget elementor-widget-heading\" data-id=\"dd1f201\" data-element_type=\"widget\" data-e-type=\"widget\" data-widget_type=\"heading.default\">\n\t\t\t\t\t<h2 class=\"elementor-heading-title elementor-size-default\">Nouveau propri\u00e9taire. M\u00eame verre de qualit\u00e9. <\/h2>\t\t\t\t<\/div>\n\t\t\t\t<div class=\"elementor-element elementor-element-93a280e elementor-widget elementor-widget-text-editor\" data-id=\"93a280e\" data-element_type=\"widget\" data-e-type=\"widget\" data-widget_type=\"text-editor.default\">\n\t\t\t\t\t\t\t\t\t<p>En 2024, The Glass Place a entam\u00e9 un nouveau chapitre sous la direction des propri\u00e9taires Jonathan et Christina. Jonathan a commenc\u00e9 \u00e0 l\u2019entrep\u00f4t et conna\u00eet chaque facette de l\u2019entreprise; il dirige aujourd\u2019hui en tant que pr\u00e9sident et chef de la direction, avec un souci constant de pr\u00e9cision et de service \u00e0 la client\u00e8le. Christina, \u00e0 titre de cheffe du marketing, apporte une \u00e9nergie cr\u00e9ative et une touche personnelle \u00e0 tout ce que nous faisons.<\/p><p>Nous sommes une petite \u00e9quipe d\u00e9vou\u00e9e, engag\u00e9e \u00e0 offrir un excellent service, des produits fiables et \u00e0 vous aider \u00e0 trouver exactement ce dont vous avez besoin. Que vous passiez une grosse commande ou que vous d\u00e9butiez, nous sommes l\u00e0 pour vous aider \u00e0 donner vie \u00e0 vos id\u00e9es.<\/p>\t\t\t\t\t\t\t\t<\/div>\n\t\t\t\t\t<\/div>\n\t\t<\/div>\n\t\t\t\t<div class=\"elementor-column elementor-col-50 elementor-top-column elementor-element elementor-element-183d57c\" data-id=\"183d57c\" data-element_type=\"column\" data-e-type=\"column\">\n\t\t\t<div class=\"elementor-widget-wrap elementor-element-populated\">\n\t\t\t\t\t\t<div class=\"elementor-element elementor-element-efa7af0 elementor-widget elementor-widget-image\" data-id=\"efa7af0\" data-element_type=\"widget\" data-e-type=\"widget\" data-widget_type=\"image.default\">\n\t\t\t\t\t\t\t\t\t\t\t\t\t\t\t<img decoding=\"async\" width=\"683\" height=\"1024\" src=\"https:\/\/glassplace.com\/wp-content\/uploads\/2025\/07\/DSC07479-683x1024.jpg\" class=\"attachment-large size-large wp-image-454\" alt=\"\" srcset=\"https:\/\/glassplace.com\/wp-content\/uploads\/2025\/07\/DSC07479-683x1024.jpg 683w, https:\/\/glassplace.com\/wp-content\/uploads\/2025\/07\/DSC07479-600x900.jpg 600w, https:\/\/glassplace.com\/wp-content\/uploads\/2025\/07\/DSC07479-64x96.jpg 64w, https:\/\/glassplace.com\/wp-content\/uploads\/2025\/07\/DSC07479-200x300.jpg 200w, https:\/\/glassplace.com\/wp-content\/uploads\/2025\/07\/DSC07479-768x1152.jpg 768w, https:\/\/glassplace.com\/wp-content\/uploads\/2025\/07\/DSC07479-1024x1536.jpg 1024w, https:\/\/glassplace.com\/wp-content\/uploads\/2025\/07\/DSC07479.jpg 1280w\" sizes=\"(max-width: 683px) 100vw, 683px\" \/>\t\t\t\t\t\t\t\t\t\t\t\t\t\t\t<\/div>\n\t\t\t\t\t<\/div>\n\t\t<\/div>\n\t\t\t\t\t<\/div>\n\t\t<\/section>\n\t\t\t\t<section class=\"elementor-section elementor-top-section elementor-element elementor-element-8df2f33 elementor-section-height-min-height elementor-section-boxed elementor-section-height-default elementor-section-items-middle\" data-id=\"8df2f33\" data-element_type=\"section\" data-e-type=\"section\" data-settings=\"{&quot;background_background&quot;:&quot;classic&quot;}\">\n\t\t\t\t\t\t<div class=\"elementor-container elementor-column-gap-default\">\n\t\t\t\t\t<div class=\"elementor-column elementor-col-100 elementor-top-column elementor-element elementor-element-43acc2b\" data-id=\"43acc2b\" data-element_type=\"column\" data-e-type=\"column\">\n\t\t\t<div class=\"elementor-widget-wrap\">\n\t\t\t\t\t\t\t<\/div>\n\t\t<\/div>\n\t\t\t\t\t<\/div>\n\t\t<\/section>\n\t\t\t\t<section class=\"elementor-section elementor-top-section elementor-element elementor-element-f6d79f8 elementor-section-boxed elementor-section-height-default elementor-section-height-default\" data-id=\"f6d79f8\" data-element_type=\"section\" data-e-type=\"section\">\n\t\t\t\t\t\t<div class=\"elementor-container elementor-column-gap-custom\">\n\t\t\t\t\t<div class=\"elementor-column elementor-col-25 elementor-top-column elementor-element elementor-element-959351f\" data-id=\"959351f\" data-element_type=\"column\" data-e-type=\"column\">\n\t\t\t<div class=\"elementor-widget-wrap elementor-element-populated\">\n\t\t\t\t\t\t<div class=\"elementor-element elementor-element-bbba800 elementor-view-default elementor-position-block-start elementor-mobile-position-block-start elementor-widget elementor-widget-icon-box\" data-id=\"bbba800\" data-element_type=\"widget\" data-e-type=\"widget\" data-widget_type=\"icon-box.default\">\n\t\t\t\t\t\t\t<div class=\"elementor-icon-box-wrapper\">\n\n\t\t\t\t\t\t<div class=\"elementor-icon-box-icon\">\n\t\t\t\t<span  class=\"elementor-icon\">\n\t\t\t\t<i aria-hidden=\"true\" class=\"icon icon-sun\"><\/i>\t\t\t\t<\/span>\n\t\t\t<\/div>\n\t\t\t\n\t\t\t\t\t\t<div class=\"elementor-icon-box-content\">\n\n\t\t\t\t\t\t\t\t\t<h3 class=\"elementor-icon-box-title\">\n\t\t\t\t\t\t<span  >\n\t\t\t\t\t\t\tPassionn\u00e9 \t\t\t\t\t\t<\/span>\n\t\t\t\t\t<\/h3>\n\t\t\t\t\n\t\t\t\t\t\t\t\t\t<p class=\"elementor-icon-box-description\">\n\t\t\t\t\t\tNous voulons que chaque client se sente respect\u00e9 et trait\u00e9 avec honn\u00eatet\u00e9. Que vous ayez besoin d\u2019une seule feuille de vitrail ou d\u2019un chargement complet de fournitures, votre commande est importante pour nous.\t\t\t\t\t<\/p>\n\t\t\t\t\n\t\t\t<\/div>\n\t\t\t\n\t\t<\/div>\n\t\t\t\t\t\t<\/div>\n\t\t\t\t\t<\/div>\n\t\t<\/div>\n\t\t\t\t<div class=\"elementor-column elementor-col-25 elementor-top-column elementor-element elementor-element-14ab363\" data-id=\"14ab363\" data-element_type=\"column\" data-e-type=\"column\">\n\t\t\t<div class=\"elementor-widget-wrap elementor-element-populated\">\n\t\t\t\t\t\t<div class=\"elementor-element elementor-element-e6e9ddb elementor-view-default elementor-position-block-start elementor-mobile-position-block-start elementor-widget elementor-widget-icon-box\" data-id=\"e6e9ddb\" data-element_type=\"widget\" data-e-type=\"widget\" data-widget_type=\"icon-box.default\">\n\t\t\t\t\t\t\t<div class=\"elementor-icon-box-wrapper\">\n\n\t\t\t\t\t\t<div class=\"elementor-icon-box-icon\">\n\t\t\t\t<span  class=\"elementor-icon\">\n\t\t\t\t<i aria-hidden=\"true\" class=\"icon icon-tick\"><\/i>\t\t\t\t<\/span>\n\t\t\t<\/div>\n\t\t\t\n\t\t\t\t\t\t<div class=\"elementor-icon-box-content\">\n\n\t\t\t\t\t\t\t\t\t<h3 class=\"elementor-icon-box-title\">\n\t\t\t\t\t\t<span  >\n\t\t\t\t\t\t\tExperts\t\t\t\t\t\t<\/span>\n\t\t\t\t\t<\/h3>\n\t\t\t\t\n\t\t\t\t\t\t\t\t\t<p class=\"elementor-icon-box-description\">\n\t\t\t\t\t\tNotre \u00e9quipe comprend tous les aspects du vitrail et peut vous accompagner m\u00eame dans les projets et commandes les plus complexes.\t\t\t\t\t<\/p>\n\t\t\t\t\n\t\t\t<\/div>\n\t\t\t\n\t\t<\/div>\n\t\t\t\t\t\t<\/div>\n\t\t\t\t\t<\/div>\n\t\t<\/div>\n\t\t\t\t<div class=\"elementor-column elementor-col-25 elementor-top-column elementor-element elementor-element-ea84b19\" data-id=\"ea84b19\" data-element_type=\"column\" data-e-type=\"column\">\n\t\t\t<div class=\"elementor-widget-wrap elementor-element-populated\">\n\t\t\t\t\t\t<div class=\"elementor-element elementor-element-9ceb6e1 elementor-view-default elementor-position-block-start elementor-mobile-position-block-start elementor-widget elementor-widget-icon-box\" data-id=\"9ceb6e1\" data-element_type=\"widget\" data-e-type=\"widget\" data-widget_type=\"icon-box.default\">\n\t\t\t\t\t\t\t<div class=\"elementor-icon-box-wrapper\">\n\n\t\t\t\t\t\t<div class=\"elementor-icon-box-icon\">\n\t\t\t\t<span  class=\"elementor-icon\">\n\t\t\t\t<svg xmlns=\"http:\/\/www.w3.org\/2000\/svg\" xmlns:xlink=\"http:\/\/www.w3.org\/1999\/xlink\" fill=\"#ABAAA6\" id=\"Capa_1\" width=\"800px\" height=\"800px\" viewbox=\"0 0 61.708 61.708\" xml:space=\"preserve\"><g id=\"SVGRepo_bgCarrier\" stroke-width=\"0\"><\/g><g id=\"SVGRepo_tracerCarrier\" stroke-linecap=\"round\" stroke-linejoin=\"round\"><\/g><g id=\"SVGRepo_iconCarrier\"> <g> <g> <path d=\"M16.703,38.046c4.223,0,7.166-5.591,7.166-10.608c0-5.068-2.946-8.607-7.166-8.607c-4.22,0-7.167,3.539-7.167,8.607 C9.536,32.456,12.479,38.046,16.703,38.046z M16.703,19.831c3.631,0,6.166,3.128,6.166,7.607c0,5.028-2.938,9.608-6.166,9.608 s-6.167-4.58-6.167-9.608C10.536,22.959,13.072,19.831,16.703,19.831z\"><\/path> <path d=\"M16.702,39.082c-6.524,0-11.833,6.355-11.833,14.167c0,1.651,0.249,3.298,0.739,4.894l0.05,0.164l0.142,0.1 c3.053,2.129,6.925,3.302,10.902,3.302c3.979,0,7.851-1.173,10.903-3.302l0.142-0.1l0.05-0.164 c0.49-1.596,0.739-3.242,0.739-4.894C28.536,45.438,23.227,39.082,16.702,39.082z M26.891,57.682 c-2.864,1.951-6.476,3.024-10.189,3.024c-3.713,0-7.324-1.073-10.188-3.024c-0.428-1.447-0.645-2.938-0.645-4.434 c0-7.262,4.859-13.167,10.833-13.167c5.974,0,10.834,5.905,10.834,13.167C27.536,54.744,27.319,56.234,26.891,57.682z\"><\/path> <path d=\"M45.006,18.831c-4.22,0-7.167,3.539-7.167,8.607c0,5.018,2.942,10.608,7.167,10.608c4.223,0,7.166-5.591,7.166-10.608 C52.172,22.37,49.227,18.831,45.006,18.831z M45.006,37.046c-3.229,0-6.167-4.58-6.167-9.608c0-4.479,2.536-7.607,6.167-7.607 s6.166,3.128,6.166,7.607C51.172,32.466,48.234,37.046,45.006,37.046z\"><\/path> <path d=\"M45.005,39.082c-6.524,0-11.833,6.355-11.833,14.167c0,1.651,0.249,3.298,0.739,4.894l0.05,0.164l0.143,0.1 c3.053,2.129,6.924,3.302,10.901,3.302c3.979,0,7.851-1.173,10.903-3.302l0.142-0.1l0.05-0.164 c0.49-1.596,0.739-3.242,0.739-4.894C56.839,45.438,51.531,39.082,45.005,39.082z M55.195,57.682 c-2.864,1.951-6.477,3.024-10.189,3.024s-7.324-1.073-10.188-3.024c-0.428-1.447-0.646-2.938-0.646-4.434 c0-7.262,4.858-13.167,10.833-13.167S55.84,45.986,55.84,53.248C55.839,54.744,55.623,56.234,55.195,57.682z\"><\/path> <path d=\"M45.505,0H20.089v16.167h5.348l1.811,2.763l0.421-0.619c0,0,0.733-1.076,1.429-2.144h16.408L45.505,0L45.505,0z M44.505,15.167H28.553l-0.147,0.229c-0.401,0.621-0.836,1.271-1.145,1.731l-1.283-1.96h-4.889V1h23.416V15.167z\"><\/path> <path d=\"M33.102,9.748c1.238,0,2.248-1.009,2.248-2.248c0-1.239-1.01-2.248-2.248-2.248c-1.24,0-2.249,1.008-2.249,2.248 C30.853,8.74,31.862,9.748,33.102,9.748z M33.102,6.252c0.688,0,1.248,0.56,1.248,1.248s-0.561,1.248-1.248,1.248 c-0.688,0-1.249-0.56-1.249-1.248S32.413,6.252,33.102,6.252z\"><\/path> <path d=\"M37.771,9.748c1.239,0,2.248-1.009,2.248-2.248c0-1.239-1.009-2.248-2.248-2.248c-1.238,0-2.248,1.009-2.248,2.248 C35.523,8.739,36.533,9.748,37.771,9.748z M37.771,6.252c0.688,0,1.248,0.56,1.248,1.248s-0.56,1.248-1.248,1.248 c-0.688,0-1.248-0.56-1.248-1.248S37.084,6.252,37.771,6.252z\"><\/path> <path d=\"M28.431,9.748c1.239,0,2.248-1.009,2.248-2.248c0-1.239-1.009-2.248-2.248-2.248c-1.239,0-2.248,1.008-2.248,2.248 C26.183,8.74,27.192,9.748,28.431,9.748z M28.431,6.252c0.688,0,1.248,0.56,1.248,1.248s-0.56,1.248-1.248,1.248 c-0.688,0-1.248-0.56-1.248-1.248S27.743,6.252,28.431,6.252z\"><\/path> <\/g> <\/g> <\/g><\/svg>\t\t\t\t<\/span>\n\t\t\t<\/div>\n\t\t\t\n\t\t\t\t\t\t<div class=\"elementor-icon-box-content\">\n\n\t\t\t\t\t\t\t\t\t<h3 class=\"elementor-icon-box-title\">\n\t\t\t\t\t\t<span  >\n\t\t\t\t\t\t\t\u00c9ducateurs\t\t\t\t\t\t<\/span>\n\t\t\t\t\t<\/h3>\n\t\t\t\t\n\t\t\t\t\t\t\t\t\t<p class=\"elementor-icon-box-description\">\n\t\t\t\t\t\tNous sommes toujours heureux de r\u00e9pondre \u00e0 vos questions et de vous aider \u00e0 trouver les bons produits de vitrail pour vos besoins.\t\t\t\t\t<\/p>\n\t\t\t\t\n\t\t\t<\/div>\n\t\t\t\n\t\t<\/div>\n\t\t\t\t\t\t<\/div>\n\t\t\t\t\t<\/div>\n\t\t<\/div>\n\t\t\t\t<div class=\"elementor-column elementor-col-25 elementor-top-column elementor-element elementor-element-413108f\" data-id=\"413108f\" data-element_type=\"column\" data-e-type=\"column\">\n\t\t\t<div class=\"elementor-widget-wrap elementor-element-populated\">\n\t\t\t\t\t\t<div class=\"elementor-element elementor-element-0ed85c0 elementor-view-default elementor-position-block-start elementor-mobile-position-block-start elementor-widget elementor-widget-icon-box\" data-id=\"0ed85c0\" data-element_type=\"widget\" data-e-type=\"widget\" data-widget_type=\"icon-box.default\">\n\t\t\t\t\t\t\t<div class=\"elementor-icon-box-wrapper\">\n\n\t\t\t\t\t\t<div class=\"elementor-icon-box-icon\">\n\t\t\t\t<span  class=\"elementor-icon\">\n\t\t\t\t<i aria-hidden=\"true\" class=\"icon icon-hand_shake\"><\/i>\t\t\t\t<\/span>\n\t\t\t<\/div>\n\t\t\t\n\t\t\t\t\t\t<div class=\"elementor-icon-box-content\">\n\n\t\t\t\t\t\t\t\t\t<h3 class=\"elementor-icon-box-title\">\n\t\t\t\t\t\t<span  >\n\t\t\t\t\t\t\tFiable\t\t\t\t\t\t<\/span>\n\t\t\t\t\t<\/h3>\n\t\t\t\t\n\t\t\t\t\t\t\t\t\t<p class=\"elementor-icon-box-description\">\n\t\t\t\t\t\tNous Avons B\u00e2ti Notre R\u00e9putation Sur un Service Fiable, une Exp\u00e9dition Rapide et un Large Choix. Parce Que Nous Savons \u00e0 Quel Point il Est Important d\u2019Obtenir Ce Dont Vous Avez Besoin, Quand Vous en Avez Besoin.\t\t\t\t\t<\/p>\n\t\t\t\t\n\t\t\t<\/div>\n\t\t\t\n\t\t<\/div>\n\t\t\t\t\t\t<\/div>\n\t\t\t\t\t<\/div>\n\t\t<\/div>\n\t\t\t\t\t<\/div>\n\t\t<\/section>\n\t\t\t\t<section class=\"elementor-section elementor-top-section elementor-element elementor-element-59b98bf elementor-section-boxed elementor-section-height-default elementor-section-height-default\" data-id=\"59b98bf\" data-element_type=\"section\" data-e-type=\"section\" data-settings=\"{&quot;background_background&quot;:&quot;classic&quot;}\">\n\t\t\t\t\t\t<div class=\"elementor-container elementor-column-gap-default\">\n\t\t\t\t\t<div class=\"elementor-column elementor-col-100 elementor-top-column elementor-element elementor-element-787c82a\" data-id=\"787c82a\" data-element_type=\"column\" data-e-type=\"column\">\n\t\t\t<div class=\"elementor-widget-wrap elementor-element-populated\">\n\t\t\t\t\t\t<div class=\"elementor-element elementor-element-f1ad17a elementor-view-default elementor-widget elementor-widget-icon\" data-id=\"f1ad17a\" data-element_type=\"widget\" data-e-type=\"widget\" data-widget_type=\"icon.default\">\n\t\t\t\t\t\t\t<div class=\"elementor-icon-wrapper\">\n\t\t\t<div class=\"elementor-icon\">\n\t\t\t<i aria-hidden=\"true\" class=\"icon icon-truck-2\"><\/i>\t\t\t<\/div>\n\t\t<\/div>\n\t\t\t\t\t\t<\/div>\n\t\t\t\t<div class=\"elementor-element elementor-element-7202c7f elementor-widget elementor-widget-heading\" data-id=\"7202c7f\" data-element_type=\"widget\" data-e-type=\"widget\" data-widget_type=\"heading.default\">\n\t\t\t\t\t<h2 class=\"elementor-heading-title elementor-size-default\">Pr\u00eat \u00e0 commander ?<\/h2>\t\t\t\t<\/div>\n\t\t\t\t<div class=\"elementor-element elementor-element-a5a4f64 elementor-widget elementor-widget-text-editor\" data-id=\"a5a4f64\" data-element_type=\"widget\" data-e-type=\"widget\" data-widget_type=\"text-editor.default\">\n\t\t\t\t\t\t\t\t\t<p>Parcourez notre catalogue et ajoutez des articles \u00e0 votre liste de commande, ou contactez-nous pour prendre rendez-vous et visiter notre boutique.<\/p>\t\t\t\t\t\t\t\t<\/div>\n\t\t\t\t<div class=\"elementor-element elementor-element-55ae250 elementor-align-center elementor-widget elementor-widget-button\" data-id=\"55ae250\" data-element_type=\"widget\" data-e-type=\"widget\" data-widget_type=\"button.default\">\n\t\t\t\t\t\t\t\t\t\t<a class=\"elementor-button elementor-button-link elementor-size-sm\" href=\"https:\/\/glassplace.com\/fr\/contact-us\/\">\n\t\t\t\t\t\t<span class=\"elementor-button-content-wrapper\">\n\t\t\t\t\t\t\t\t\t<span class=\"elementor-button-text\">Voir le catalogue de produits<\/span>\n\t\t\t\t\t<\/span>\n\t\t\t\t\t<\/a>\n\t\t\t\t\t\t\t\t<\/div>\n\t\t\t\t\t<\/div>\n\t\t<\/div>\n\t\t\t\t\t<\/div>\n\t\t<\/section>\n\t\t\t\t<\/div>","protected":false},"excerpt":{"rendered":"<p>About Us Proudly Canadian since 1982 Based in Montreal, The Glass Place is your one-stop shop for stained-glass and all the tools, supplies, and accessories you need. We stock a wide variety of glass types, architectural, bevelled, fusible, pre-stained, and all the essentials for stained-glass work. New owner. Same quality glass. In 2024, The Glass [&hellip;]<\/p>\n","protected":false},"author":6,"featured_media":0,"parent":0,"menu_order":0,"comment_status":"closed","ping_status":"closed","template":"","meta":{"footnotes":""},"class_list":["post-13","page","type-page","status-publish","hentry"],"_links":{"self":[{"href":"https:\/\/glassplace.com\/fr\/wp-json\/wp\/v2\/pages\/13","targetHints":{"allow":["GET"]}}],"collection":[{"href":"https:\/\/glassplace.com\/fr\/wp-json\/wp\/v2\/pages"}],"about":[{"href":"https:\/\/glassplace.com\/fr\/wp-json\/wp\/v2\/types\/page"}],"author":[{"embeddable":true,"href":"https:\/\/glassplace.com\/fr\/wp-json\/wp\/v2\/users\/6"}],"replies":[{"embeddable":true,"href":"https:\/\/glassplace.com\/fr\/wp-json\/wp\/v2\/comments?post=13"}],"version-history":[{"count":28,"href":"https:\/\/glassplace.com\/fr\/wp-json\/wp\/v2\/pages\/13\/revisions"}],"predecessor-version":[{"id":582,"href":"https:\/\/glassplace.com\/fr\/wp-json\/wp\/v2\/pages\/13\/revisions\/582"}],"wp:attachment":[{"href":"https:\/\/glassplace.com\/fr\/wp-json\/wp\/v2\/media?parent=13"}],"curies":[{"name":"wp","href":"https:\/\/api.w.org\/{rel}","templated":true}]}}