{"id":390,"date":"2025-07-28T15:12:10","date_gmt":"2025-07-28T15:12:10","guid":{"rendered":"https:\/\/glassplace.com\/?page_id=390"},"modified":"2025-08-07T10:17:42","modified_gmt":"2025-08-07T10:17:42","slug":"rack-packs","status":"publish","type":"page","link":"https:\/\/glassplace.com\/fr\/rack-packs\/","title":{"rendered":"Magasiner nos rack packs"},"content":{"rendered":"<div data-elementor-type=\"wp-page\" data-elementor-id=\"390\" class=\"elementor elementor-390\" wpc-filter-elementor-widget=\"1\" data-elementor-post-type=\"page\">\n\t\t\t\t\t\t<section class=\"elementor-section elementor-top-section elementor-element elementor-element-2c62606 elementor-section-height-min-height elementor-section-boxed elementor-section-height-default elementor-section-items-middle\" data-id=\"2c62606\" data-element_type=\"section\" data-e-type=\"section\" data-settings=\"{&quot;background_background&quot;:&quot;classic&quot;}\">\n\t\t\t\t\t\t\t<div class=\"elementor-background-overlay\"><\/div>\n\t\t\t\t\t\t\t<div class=\"elementor-container elementor-column-gap-default\">\n\t\t\t\t\t<div class=\"elementor-column elementor-col-100 elementor-top-column elementor-element elementor-element-074cbdb\" data-id=\"074cbdb\" data-element_type=\"column\" data-e-type=\"column\">\n\t\t\t<div class=\"elementor-widget-wrap elementor-element-populated\">\n\t\t\t\t\t\t<div class=\"elementor-element elementor-element-61a9d49 elementor-widget elementor-widget-heading\" data-id=\"61a9d49\" data-element_type=\"widget\" data-e-type=\"widget\" data-widget_type=\"heading.default\">\n\t\t\t\t\t<h1 class=\"elementor-heading-title elementor-size-default\">Magasiner nos rack packs<\/h1>\t\t\t\t<\/div>\n\t\t\t\t\t<\/div>\n\t\t<\/div>\n\t\t\t\t\t<\/div>\n\t\t<\/section>\n\t\t\t\t<section class=\"elementor-section elementor-top-section elementor-element elementor-element-98e14e4 elementor-section-boxed elementor-section-height-default elementor-section-height-default\" data-id=\"98e14e4\" data-element_type=\"section\" data-e-type=\"section\">\n\t\t\t\t\t\t<div class=\"elementor-container elementor-column-gap-default\">\n\t\t\t\t\t<div class=\"elementor-column elementor-col-100 elementor-top-column elementor-element elementor-element-e884095\" data-id=\"e884095\" data-element_type=\"column\" data-e-type=\"column\">\n\t\t\t<div class=\"elementor-widget-wrap elementor-element-populated\">\n\t\t\t\t\t\t<div class=\"elementor-element elementor-element-61360c0 elementor-widget elementor-widget-text-editor\" data-id=\"61360c0\" data-element_type=\"widget\" data-e-type=\"widget\" data-widget_type=\"text-editor.default\">\n\t\t\t\t\t\t\t\t\t<p>Nos rack packs sont un choix de pr\u00e9dilection pour tous ceux qui recherchent un large \u00e9ventail de couleurs et de styles \u00e0 un excellent rapport qualit\u00e9-prix. Nos ensembles proposent du verre de premi\u00e8re qualit\u00e9, id\u00e9al pour le travail du vitrail ou le fusing.<\/p><p>Chaque rack pack comprend 80 pi\u00e8ces de verre de vitrail de qualit\u00e9<\/p>\t\t\t\t\t\t\t\t<\/div>\n\t\t\t\t\t<\/div>\n\t\t<\/div>\n\t\t\t\t\t<\/div>\n\t\t<\/section>\n\t\t\t\t<\/div>","protected":false},"excerpt":{"rendered":"<p>Rack Packs Our rack packs are a top pick for everyone who wants a wide mix of colours and styles at a great value. Our packs feature top-quality glass for stained-glass work or fusing. Each rack pack includes 80 pieces of quality stained-glass (12&#8243; x 12&#8243; each).<\/p>","protected":false},"author":6,"featured_media":0,"parent":0,"menu_order":0,"comment_status":"closed","ping_status":"closed","template":"","meta":{"footnotes":""},"class_list":["post-390","page","type-page","status-publish","hentry"],"_links":{"self":[{"href":"https:\/\/glassplace.com\/fr\/wp-json\/wp\/v2\/pages\/390","targetHints":{"allow":["GET"]}}],"collection":[{"href":"https:\/\/glassplace.com\/fr\/wp-json\/wp\/v2\/pages"}],"about":[{"href":"https:\/\/glassplace.com\/fr\/wp-json\/wp\/v2\/types\/page"}],"author":[{"embeddable":true,"href":"https:\/\/glassplace.com\/fr\/wp-json\/wp\/v2\/users\/6"}],"replies":[{"embeddable":true,"href":"https:\/\/glassplace.com\/fr\/wp-json\/wp\/v2\/comments?post=390"}],"version-history":[{"count":4,"href":"https:\/\/glassplace.com\/fr\/wp-json\/wp\/v2\/pages\/390\/revisions"}],"predecessor-version":[{"id":636,"href":"https:\/\/glassplace.com\/fr\/wp-json\/wp\/v2\/pages\/390\/revisions\/636"}],"wp:attachment":[{"href":"https:\/\/glassplace.com\/fr\/wp-json\/wp\/v2\/media?parent=390"}],"curies":[{"name":"wp","href":"https:\/\/api.w.org\/{rel}","templated":true}]}}